{"id":185,"date":"2023-06-28T10:43:48","date_gmt":"2023-06-28T08:43:48","guid":{"rendered":"https:\/\/qvadom.utbm.fr\/?page_id=185"},"modified":"2023-06-29T09:55:41","modified_gmt":"2023-06-29T07:55:41","slug":"photos","status":"publish","type":"page","link":"https:\/\/qvadom.utbm.fr\/?page_id=185","title":{"rendered":"Photos"},"content":{"rendered":"\n<div class=\"wp-block-group alignwide is-layout-constrained wp-container-core-group-is-layout-3f7eb966 wp-block-group-is-layout-constrained\" style=\"padding-top:var(--wp--preset--spacing--70);padding-right:var(--wp--preset--spacing--70);padding-bottom:var(--wp--preset--spacing--70);padding-left:var(--wp--preset--spacing--70)\">\n<figure class=\"wp-block-gallery alignwide has-nested-images columns-2 is-cropped wp-block-gallery-1 is-layout-flex wp-block-gallery-is-layout-flex\">\n<figure class=\"wp-block-image size-large\"><img fetchpriority=\"high\" decoding=\"async\" width=\"640\" height=\"1024\" data-id=\"190\" src=\"https:\/\/qvadom.utbm.fr\/wp-content\/uploads\/2023\/06\/app1-640x1024.jpg\" alt=\"\" class=\"wp-image-190\" srcset=\"https:\/\/qvadom.utbm.fr\/wp-content\/uploads\/2023\/06\/app1-640x1024.jpg 640w, https:\/\/qvadom.utbm.fr\/wp-content\/uploads\/2023\/06\/app1-188x300.jpg 188w, https:\/\/qvadom.utbm.fr\/wp-content\/uploads\/2023\/06\/app1-768x1229.jpg 768w, https:\/\/qvadom.utbm.fr\/wp-content\/uploads\/2023\/06\/app1.jpg 800w\" sizes=\"(max-width: 640px) 100vw, 640px\" \/><\/figure>\n\n\n\n<figure class=\"wp-block-image size-large\"><img decoding=\"async\" width=\"640\" height=\"1024\" data-id=\"187\" src=\"https:\/\/qvadom.utbm.fr\/wp-content\/uploads\/2023\/06\/app3-640x1024.jpg\" alt=\"\" class=\"wp-image-187\" srcset=\"https:\/\/qvadom.utbm.fr\/wp-content\/uploads\/2023\/06\/app3-640x1024.jpg 640w, https:\/\/qvadom.utbm.fr\/wp-content\/uploads\/2023\/06\/app3-188x300.jpg 188w, https:\/\/qvadom.utbm.fr\/wp-content\/uploads\/2023\/06\/app3-768x1229.jpg 768w, https:\/\/qvadom.utbm.fr\/wp-content\/uploads\/2023\/06\/app3.jpg 800w\" sizes=\"(max-width: 640px) 100vw, 640px\" \/><\/figure>\n\n\n\n<figure class=\"wp-block-image size-large\"><img decoding=\"async\" width=\"640\" height=\"1024\" data-id=\"186\" src=\"https:\/\/qvadom.utbm.fr\/wp-content\/uploads\/2023\/06\/app4-640x1024.jpg\" alt=\"\" class=\"wp-image-186\" srcset=\"https:\/\/qvadom.utbm.fr\/wp-content\/uploads\/2023\/06\/app4-640x1024.jpg 640w, https:\/\/qvadom.utbm.fr\/wp-content\/uploads\/2023\/06\/app4-188x300.jpg 188w, https:\/\/qvadom.utbm.fr\/wp-content\/uploads\/2023\/06\/app4-768x1229.jpg 768w, https:\/\/qvadom.utbm.fr\/wp-content\/uploads\/2023\/06\/app4.jpg 800w\" sizes=\"(max-width: 640px) 100vw, 640px\" \/><\/figure>\n\n\n\n<figure class=\"wp-block-image size-large\"><img loading=\"lazy\" decoding=\"async\" width=\"640\" height=\"1024\" data-id=\"188\" src=\"https:\/\/qvadom.utbm.fr\/wp-content\/uploads\/2023\/06\/app5-640x1024.jpg\" alt=\"\" class=\"wp-image-188\" srcset=\"https:\/\/qvadom.utbm.fr\/wp-content\/uploads\/2023\/06\/app5-640x1024.jpg 640w, https:\/\/qvadom.utbm.fr\/wp-content\/uploads\/2023\/06\/app5-188x300.jpg 188w, https:\/\/qvadom.utbm.fr\/wp-content\/uploads\/2023\/06\/app5-768x1229.jpg 768w, https:\/\/qvadom.utbm.fr\/wp-content\/uploads\/2023\/06\/app5.jpg 800w\" sizes=\"(max-width: 640px) 100vw, 640px\" \/><\/figure>\n\n\n\n<figure class=\"wp-block-image size-large\"><img loading=\"lazy\" decoding=\"async\" width=\"640\" height=\"1024\" data-id=\"191\" src=\"https:\/\/qvadom.utbm.fr\/wp-content\/uploads\/2023\/06\/app6-640x1024.jpg\" alt=\"\" class=\"wp-image-191\" srcset=\"https:\/\/qvadom.utbm.fr\/wp-content\/uploads\/2023\/06\/app6-640x1024.jpg 640w, https:\/\/qvadom.utbm.fr\/wp-content\/uploads\/2023\/06\/app6-188x300.jpg 188w, https:\/\/qvadom.utbm.fr\/wp-content\/uploads\/2023\/06\/app6-768x1229.jpg 768w, https:\/\/qvadom.utbm.fr\/wp-content\/uploads\/2023\/06\/app6.jpg 800w\" sizes=\"(max-width: 640px) 100vw, 640px\" \/><\/figure>\n\n\n\n<figure class=\"wp-block-image size-large\"><img loading=\"lazy\" decoding=\"async\" width=\"640\" height=\"1024\" data-id=\"189\" src=\"https:\/\/qvadom.utbm.fr\/wp-content\/uploads\/2023\/06\/app9-640x1024.jpg\" alt=\"\" class=\"wp-image-189\" srcset=\"https:\/\/qvadom.utbm.fr\/wp-content\/uploads\/2023\/06\/app9-640x1024.jpg 640w, https:\/\/qvadom.utbm.fr\/wp-content\/uploads\/2023\/06\/app9-188x300.jpg 188w, https:\/\/qvadom.utbm.fr\/wp-content\/uploads\/2023\/06\/app9-768x1229.jpg 768w, https:\/\/qvadom.utbm.fr\/wp-content\/uploads\/2023\/06\/app9.jpg 800w\" sizes=\"(max-width: 640px) 100vw, 640px\" \/><\/figure>\n\n\n\n<figure class=\"wp-block-image size-large\"><img loading=\"lazy\" decoding=\"async\" width=\"640\" height=\"1024\" data-id=\"192\" src=\"https:\/\/qvadom.utbm.fr\/wp-content\/uploads\/2023\/06\/app14-640x1024.jpg\" alt=\"\" class=\"wp-image-192\" srcset=\"https:\/\/qvadom.utbm.fr\/wp-content\/uploads\/2023\/06\/app14-640x1024.jpg 640w, https:\/\/qvadom.utbm.fr\/wp-content\/uploads\/2023\/06\/app14-188x300.jpg 188w, https:\/\/qvadom.utbm.fr\/wp-content\/uploads\/2023\/06\/app14-768x1229.jpg 768w, https:\/\/qvadom.utbm.fr\/wp-content\/uploads\/2023\/06\/app14.jpg 800w\" sizes=\"(max-width: 640px) 100vw, 640px\" \/><\/figure>\n\n\n\n<figure class=\"wp-block-image size-large\"><img loading=\"lazy\" decoding=\"async\" width=\"640\" height=\"1024\" data-id=\"193\" src=\"https:\/\/qvadom.utbm.fr\/wp-content\/uploads\/2023\/06\/app15-640x1024.jpg\" alt=\"\" class=\"wp-image-193\" srcset=\"https:\/\/qvadom.utbm.fr\/wp-content\/uploads\/2023\/06\/app15-640x1024.jpg 640w, https:\/\/qvadom.utbm.fr\/wp-content\/uploads\/2023\/06\/app15-188x300.jpg 188w, https:\/\/qvadom.utbm.fr\/wp-content\/uploads\/2023\/06\/app15-768x1229.jpg 768w, https:\/\/qvadom.utbm.fr\/wp-content\/uploads\/2023\/06\/app15.jpg 800w\" sizes=\"(max-width: 640px) 100vw, 640px\" \/><\/figure>\n\n\n\n<figure class=\"wp-block-image size-large\"><img loading=\"lazy\" decoding=\"async\" width=\"1024\" height=\"768\" data-id=\"194\" src=\"https:\/\/qvadom.utbm.fr\/wp-content\/uploads\/2023\/06\/IMG_6403-1024x768.jpg\" alt=\"\" class=\"wp-image-194\" srcset=\"https:\/\/qvadom.utbm.fr\/wp-content\/uploads\/2023\/06\/IMG_6403-1024x768.jpg 1024w, https:\/\/qvadom.utbm.fr\/wp-content\/uploads\/2023\/06\/IMG_6403-300x225.jpg 300w, https:\/\/qvadom.utbm.fr\/wp-content\/uploads\/2023\/06\/IMG_6403-768x576.jpg 768w, https:\/\/qvadom.utbm.fr\/wp-content\/uploads\/2023\/06\/IMG_6403-1536x1152.jpg 1536w, https:\/\/qvadom.utbm.fr\/wp-content\/uploads\/2023\/06\/IMG_6403.jpg 2016w\" sizes=\"(max-width: 1024px) 100vw, 1024px\" \/><\/figure>\n<\/figure>\n<\/div>\n\n\n\n<div class=\"wp-block-group alignfull has-contrast-color has-text-color is-vertical is-content-justification-center is-layout-flex wp-container-core-group-is-layout-f306f087 wp-block-group-is-layout-flex\" style=\"min-height:40vh;margin-top:0;margin-bottom:0;padding-top:var(--wp--preset--spacing--60);padding-right:var(--wp--preset--spacing--50);padding-bottom:var(--wp--preset--spacing--60);padding-left:var(--wp--preset--spacing--50)\"><div style=\"margin-bottom:6px;\" class=\"is-default-size aligncenter wp-block-site-logo\"><a href=\"https:\/\/qvadom.utbm.fr\/\" class=\"custom-logo-link\" rel=\"home\"><img loading=\"lazy\" decoding=\"async\" width=\"280\" height=\"206\" src=\"https:\/\/qvadom.utbm.fr\/wp-content\/uploads\/2023\/11\/QVaDOM_11-e1673011532897-1.png\" class=\"custom-logo\" alt=\"QVADOM\" \/><\/a><\/div>\n\n\n<p class=\"has-text-align-center has-medium-font-size\">Photos et captures d&rsquo;\u00e9cran repr\u00e9sentant des produits propri\u00e9taires.<\/p>\n\n\n\n<p class=\"has-text-align-center has-medium-font-size\">Tous droits r\u00e9serv\u00e9s.<\/p>\n<\/div>\n","protected":false},"excerpt":{"rendered":"<p>Photos et captures d&rsquo;\u00e9cran repr\u00e9sentant des produits propri\u00e9taires. Tous droits r\u00e9serv\u00e9s.<\/p>\n","protected":false},"author":4,"featured_media":0,"parent":0,"menu_order":0,"comment_status":"closed","ping_status":"closed","template":"page-no-title","meta":{"footnotes":""},"class_list":["post-185","page","type-page","status-publish","hentry"],"_links":{"self":[{"href":"https:\/\/qvadom.utbm.fr\/index.php?rest_route=\/wp\/v2\/pages\/185","targetHints":{"allow":["GET"]}}],"collection":[{"href":"https:\/\/qvadom.utbm.fr\/index.php?rest_route=\/wp\/v2\/pages"}],"about":[{"href":"https:\/\/qvadom.utbm.fr\/index.php?rest_route=\/wp\/v2\/types\/page"}],"author":[{"embeddable":true,"href":"https:\/\/qvadom.utbm.fr\/index.php?rest_route=\/wp\/v2\/users\/4"}],"replies":[{"embeddable":true,"href":"https:\/\/qvadom.utbm.fr\/index.php?rest_route=%2Fwp%2Fv2%2Fcomments&post=185"}],"version-history":[{"count":4,"href":"https:\/\/qvadom.utbm.fr\/index.php?rest_route=\/wp\/v2\/pages\/185\/revisions"}],"predecessor-version":[{"id":200,"href":"https:\/\/qvadom.utbm.fr\/index.php?rest_route=\/wp\/v2\/pages\/185\/revisions\/200"}],"wp:attachment":[{"href":"https:\/\/qvadom.utbm.fr\/index.php?rest_route=%2Fwp%2Fv2%2Fmedia&parent=185"}],"curies":[{"name":"wp","href":"https:\/\/api.w.org\/{rel}","templated":true}]}}